{"id":544,"date":"2015-07-17T13:15:29","date_gmt":"2015-07-17T13:15:29","guid":{"rendered":"http:\/\/capethemes.com\/demo\/industry\/?page_id=544"},"modified":"2021-04-13T11:01:02","modified_gmt":"2021-04-13T11:01:02","slug":"agricultural-processing","status":"publish","type":"page","link":"https:\/\/astech.si\/index.php\/agricultural-processing\/","title":{"rendered":"O nas"},"content":{"rendered":"\t\t<div data-elementor-type=\"wp-page\" data-elementor-id=\"544\" class=\"elementor elementor-544\">\n\t\t\t\t\t\t\t\t\t<section class=\"elementor-section elementor-top-section elementor-element elementor-element-f11bc43 elementor-section-full_width elementor-section-height-default elementor-section-height-default\" data-id=\"f11bc43\" data-element_type=\"section\">\n\t\t\t\t\t\t<div class=\"elementor-container elementor-column-gap-no\">\n\t\t\t\t\t<div class=\"elementor-column elementor-col-100 elementor-top-column elementor-element elementor-element-d66487e\" data-id=\"d66487e\" data-element_type=\"column\">\n\t\t\t<div class=\"elementor-widget-wrap elementor-element-populated\">\n\t\t\t\t\t\t\t\t<section class=\"elementor-section elementor-inner-section elementor-element elementor-element-a841d4b elementor-section-boxed elementor-section-height-default elementor-section-height-default\" data-id=\"a841d4b\" data-element_type=\"section\">\n\t\t\t\t\t\t<div class=\"elementor-container elementor-column-gap-wide\">\n\t\t\t\t\t<div class=\"elementor-column elementor-col-50 elementor-inner-column elementor-element elementor-element-0c368c7 elementor-hidden-tablet elementor-hidden-phone\" data-id=\"0c368c7\" data-element_type=\"column\">\n\t\t\t<div class=\"elementor-widget-wrap elementor-element-populated\">\n\t\t\t\t\t\t\t\t<div class=\"elementor-element elementor-element-3f9c595d elementor-widget elementor-widget-image\" data-id=\"3f9c595d\" data-element_type=\"widget\" data-widget_type=\"image.default\">\n\t\t\t\t<div class=\"elementor-widget-container\">\n\t\t\t\t\t\t\t\t\t\t\t\t\t\t\t<img decoding=\"async\" src=\"https:\/\/astech.si\/wp-content\/uploads\/elementor\/thumbs\/b2-p5n9abjj85wa9nh1edv2pxibzc00kcheurgyhav7yg.jpg\" title=\"b2\" alt=\"b2\" \/>\t\t\t\t\t\t\t\t\t\t\t\t\t\t\t<\/div>\n\t\t\t\t<\/div>\n\t\t\t\t<div class=\"elementor-element elementor-element-f94aae2 elementor-widget elementor-widget-image\" data-id=\"f94aae2\" data-element_type=\"widget\" data-widget_type=\"image.default\">\n\t\t\t\t<div class=\"elementor-widget-container\">\n\t\t\t\t\t\t\t\t\t\t\t\t\t\t\t<img decoding=\"async\" src=\"https:\/\/astech.si\/wp-content\/uploads\/elementor\/thumbs\/b3-p5n9b3qox6yvxyc2tq1vsqe5sw50z9lcyn1ivlpers.jpg\" title=\"b3\" alt=\"b3\" \/>\t\t\t\t\t\t\t\t\t\t\t\t\t\t\t<\/div>\n\t\t\t\t<\/div>\n\t\t\t\t<div class=\"elementor-element elementor-element-78612baa elementor-absolute elementor-hidden-phone elementor-widget__width-initial elementor-widget elementor-widget-heading\" data-id=\"78612baa\" data-element_type=\"widget\" data-settings=\"{&quot;_position&quot;:&quot;absolute&quot;}\" data-widget_type=\"heading.default\">\n\t\t\t\t<div class=\"elementor-widget-container\">\n\t\t\t<h2 class=\"elementor-heading-title elementor-size-default\">.<\/h2>\t\t<\/div>\n\t\t\t\t<\/div>\n\t\t\t\t\t<\/div>\n\t\t<\/div>\n\t\t\t\t<div class=\"elementor-column elementor-col-50 elementor-inner-column elementor-element elementor-element-fcb8b44\" data-id=\"fcb8b44\" data-element_type=\"column\">\n\t\t\t<div class=\"elementor-widget-wrap elementor-element-populated\">\n\t\t\t\t\t\t\t\t<div class=\"elementor-element elementor-element-928ac47 elementor-widget elementor-widget-heading\" data-id=\"928ac47\" data-element_type=\"widget\" data-widget_type=\"heading.default\">\n\t\t\t\t<div class=\"elementor-widget-container\">\n\t\t\t<h2 class=\"elementor-heading-title elementor-size-xl\">ASTECH, va\u0161 zanesljiv partner za servisiranje prezra\u010devalnega sistema<\/h2>\t\t<\/div>\n\t\t\t\t<\/div>\n\t\t\t\t<div class=\"elementor-element elementor-element-1d3eab1c elementor-widget elementor-widget-text-editor\" data-id=\"1d3eab1c\" data-element_type=\"widget\" data-widget_type=\"text-editor.default\">\n\t\t\t\t<div class=\"elementor-widget-container\">\n\t\t\t\t\t\t\t<p style=\"margin-bottom: 1rem; color: #212529; font-family: -apple-system, BlinkMacSystemFont, 'Segoe UI', Roboto, 'Helvetica Neue', Arial, 'Noto Sans', sans-serif, 'Apple Color Emoji', 'Segoe UI Emoji', 'Segoe UI Symbol', 'Noto Color Emoji'; font-size: 16px;\">Sodobni klimatsko-prezra\u010devalni sistemi, \u00bbsrce\u00ab poslovnih in proizvodnih prostorov, zagotavljajo zdravo in varno delovno okolje za zaposlene ter nemoten potek delovnih procesov. Ko sistem deluje pravilno, se njegovega delovanja skorajda ne zavedamo. Stanje pa se povsem spremeni, ko pride do okvare.<\/p><p style=\"margin-bottom: 1rem; color: #212529; font-family: -apple-system, BlinkMacSystemFont, 'Segoe UI', Roboto, 'Helvetica Neue', Arial, 'Noto Sans', sans-serif, 'Apple Color Emoji', 'Segoe UI Emoji', 'Segoe UI Symbol', 'Noto Color Emoji'; font-size: 16px;\">V Astechu razumemo svoje stranke. Zavedamo se, da lahko v primeru okvare klimatsko-prezra\u010devalnega sistema o zdravju in varnosti zaposlenih ter razse\u017enosti poslovne izgube odlo\u010dajo minute. Zato z odzivnostjo 24 ur dnevno 7 dni v tednu, elektronskim poslovanjem serviserjev na terenu ter stalno dostopnostjo nadomestnih delov vseh blagovnih znamk v lastnem skladi\u0161\u010du zagotavljamo nadpovpre\u010dno hitro odpravo okvar. Ve\u010dinoma smo v nujnih primerih na mestu okvare v manj kot 2 urah po prejemu zahteve za poseg in najkasneje v 4 urah po va\u0161em klicu.<\/p><p style=\"margin-bottom: 1rem; color: #212529; font-family: -apple-system, BlinkMacSystemFont, 'Segoe UI', Roboto, 'Helvetica Neue', Arial, 'Noto Sans', sans-serif, 'Apple Color Emoji', 'Segoe UI Emoji', 'Segoe UI Symbol', 'Noto Color Emoji'; font-size: 16px;\">Astech je vodilno slovensko podjetje na podro\u010dju servisiranja in vzdr\u017eevanja klimatsko-prezra\u010devalnih sistemov in eno prvih slovenskih podjetij v bran\u017ei s certifikatom kakovosti ISO 9001. Zanesljivost podjetja Astech temelji na \u0161tevil\u010dni ekipi izku\u0161enih serviserjev, ki so visoko strokovno usposobljeni za posege na klimatsko-prezra\u010devalnih sistemih, kar potrjujejo strokovni certifikati najvi\u0161je stopnje, pridobljeni s strani Agencije RS za okolje in prostor.<\/p><p style=\"margin-bottom: 1rem; color: #212529; font-family: -apple-system, BlinkMacSystemFont, 'Segoe UI', Roboto, 'Helvetica Neue', Arial, 'Noto Sans', sans-serif, 'Apple Color Emoji', 'Segoe UI Emoji', 'Segoe UI Symbol', 'Noto Color Emoji'; font-size: 16px;\">Hitro rasto\u010de in poslovno uspe\u0161no podjetje Astech z zanesljivim sodelovanjem in dolgoro\u010dnimi partnerskimi odnosi \u017ee preko dvajset let dokazuje, da ni le prva, pa\u010d pa tudi prava izbira uspe\u0161nih podjetij in javnih ustanov po vsej Sloveniji.<\/p>\t\t\t\t\t\t<\/div>\n\t\t\t\t<\/div>\n\t\t\t\t\t<\/div>\n\t\t<\/div>\n\t\t\t\t\t\t\t<\/div>\n\t\t<\/section>\n\t\t\t\t\t<\/div>\n\t\t<\/div>\n\t\t\t\t\t\t\t<\/div>\n\t\t<\/section>\n\t\t\t\t\t\t\t<\/div>\n\t\t","protected":false},"excerpt":{"rendered":"<div class=\"tmnf_excerpt\"><p>. ASTECH, va\u0161 zanesljiv partner za servisiranje prezra\u010devalnega sistema Sodobni klimatsko-prezra\u010devalni sistemi, \u00bbsrce\u00ab poslovnih in proizvodnih prostorov, zagotavljajo zdravo in varno delovno okolje za zaposlene ter nemoten potek delovnih procesov. Ko sistem deluje pravilno, se njegovega delovanja skorajda ne zavedamo. Stanje pa se povsem spremeni, ko pride do okvare. V Astechu razumemo svoje stranke. Zavedamo &hellip;<\/p>\n<\/div>","protected":false},"author":1,"featured_media":0,"parent":0,"menu_order":0,"comment_status":"closed","ping_status":"closed","template":"elementor_theme","meta":{"footnotes":""},"class_list":["post-544","page","type-page","status-publish","hentry"],"yoast_head":"<!-- This site is optimized with the Yoast SEO plugin v19.6.1 - https:\/\/yoast.com\/wordpress\/plugins\/seo\/ -->\n<title>O nas - ASTECH<\/title>\n<meta name=\"robots\" content=\"index, follow, max-snippet:-1, max-image-preview:large, max-video-preview:-1\" \/>\n<link rel=\"canonical\" href=\"https:\/\/astech.si\/index.php\/agricultural-processing\/\" \/>\n<meta property=\"og:locale\" content=\"sl_SI\" \/>\n<meta property=\"og:type\" content=\"article\" \/>\n<meta property=\"og:title\" content=\"O nas - ASTECH\" \/>\n<meta property=\"og:description\" content=\". ASTECH, va\u0161 zanesljiv partner za servisiranje prezra\u010devalnega sistema Sodobni klimatsko-prezra\u010devalni sistemi, \u00bbsrce\u00ab poslovnih in proizvodnih prostorov, zagotavljajo zdravo in varno delovno okolje za zaposlene ter nemoten potek delovnih procesov. Ko sistem deluje pravilno, se njegovega delovanja skorajda ne zavedamo. Stanje pa se povsem spremeni, ko pride do okvare. V Astechu razumemo svoje stranke. Zavedamo &hellip;\" \/>\n<meta property=\"og:url\" content=\"https:\/\/astech.si\/index.php\/agricultural-processing\/\" \/>\n<meta property=\"og:site_name\" content=\"ASTECH\" \/>\n<meta property=\"article:modified_time\" content=\"2021-04-13T11:01:02+00:00\" \/>\n<meta property=\"og:image\" content=\"https:\/\/astech.si\/wp-content\/uploads\/elementor\/thumbs\/b2-p5n9abjj85wa9nh1edv2pxibzc00kcheurgyhav7yg.jpg\" \/>\n<meta name=\"twitter:card\" content=\"summary_large_image\" \/>\n<meta name=\"twitter:label1\" content=\"Est. reading time\" \/>\n\t<meta name=\"twitter:data1\" content=\"1 minuta\" \/>\n<script type=\"application\/ld+json\" class=\"yoast-schema-graph\">{\"@context\":\"https:\/\/schema.org\",\"@graph\":[{\"@type\":\"WebPage\",\"@id\":\"https:\/\/astech.si\/index.php\/agricultural-processing\/\",\"url\":\"https:\/\/astech.si\/index.php\/agricultural-processing\/\",\"name\":\"O nas - ASTECH\",\"isPartOf\":{\"@id\":\"https:\/\/astech.si\/#website\"},\"datePublished\":\"2015-07-17T13:15:29+00:00\",\"dateModified\":\"2021-04-13T11:01:02+00:00\",\"breadcrumb\":{\"@id\":\"https:\/\/astech.si\/index.php\/agricultural-processing\/#breadcrumb\"},\"inLanguage\":\"sl-SI\",\"potentialAction\":[{\"@type\":\"ReadAction\",\"target\":[\"https:\/\/astech.si\/index.php\/agricultural-processing\/\"]}]},{\"@type\":\"BreadcrumbList\",\"@id\":\"https:\/\/astech.si\/index.php\/agricultural-processing\/#breadcrumb\",\"itemListElement\":[{\"@type\":\"ListItem\",\"position\":1,\"name\":\"Domov\",\"item\":\"https:\/\/astech.si\/\"},{\"@type\":\"ListItem\",\"position\":2,\"name\":\"O nas\"}]},{\"@type\":\"WebSite\",\"@id\":\"https:\/\/astech.si\/#website\",\"url\":\"https:\/\/astech.si\/\",\"name\":\"ASTECH\",\"description\":\"servis in vzdr\u017eevanje klimatskih naprav\",\"potentialAction\":[{\"@type\":\"SearchAction\",\"target\":{\"@type\":\"EntryPoint\",\"urlTemplate\":\"https:\/\/astech.si\/?s={search_term_string}\"},\"query-input\":\"required name=search_term_string\"}],\"inLanguage\":\"sl-SI\"}]}<\/script>\n<!-- \/ Yoast SEO plugin. -->","yoast_head_json":{"title":"O nas - ASTECH","robots":{"index":"index","follow":"follow","max-snippet":"max-snippet:-1","max-image-preview":"max-image-preview:large","max-video-preview":"max-video-preview:-1"},"canonical":"https:\/\/astech.si\/index.php\/agricultural-processing\/","og_locale":"sl_SI","og_type":"article","og_title":"O nas - ASTECH","og_description":". ASTECH, va\u0161 zanesljiv partner za servisiranje prezra\u010devalnega sistema Sodobni klimatsko-prezra\u010devalni sistemi, \u00bbsrce\u00ab poslovnih in proizvodnih prostorov, zagotavljajo zdravo in varno delovno okolje za zaposlene ter nemoten potek delovnih procesov. Ko sistem deluje pravilno, se njegovega delovanja skorajda ne zavedamo. Stanje pa se povsem spremeni, ko pride do okvare. V Astechu razumemo svoje stranke. Zavedamo &hellip;","og_url":"https:\/\/astech.si\/index.php\/agricultural-processing\/","og_site_name":"ASTECH","article_modified_time":"2021-04-13T11:01:02+00:00","og_image":[{"url":"https:\/\/astech.si\/wp-content\/uploads\/elementor\/thumbs\/b2-p5n9abjj85wa9nh1edv2pxibzc00kcheurgyhav7yg.jpg"}],"twitter_card":"summary_large_image","twitter_misc":{"Est. reading time":"1 minuta"},"schema":{"@context":"https:\/\/schema.org","@graph":[{"@type":"WebPage","@id":"https:\/\/astech.si\/index.php\/agricultural-processing\/","url":"https:\/\/astech.si\/index.php\/agricultural-processing\/","name":"O nas - ASTECH","isPartOf":{"@id":"https:\/\/astech.si\/#website"},"datePublished":"2015-07-17T13:15:29+00:00","dateModified":"2021-04-13T11:01:02+00:00","breadcrumb":{"@id":"https:\/\/astech.si\/index.php\/agricultural-processing\/#breadcrumb"},"inLanguage":"sl-SI","potentialAction":[{"@type":"ReadAction","target":["https:\/\/astech.si\/index.php\/agricultural-processing\/"]}]},{"@type":"BreadcrumbList","@id":"https:\/\/astech.si\/index.php\/agricultural-processing\/#breadcrumb","itemListElement":[{"@type":"ListItem","position":1,"name":"Domov","item":"https:\/\/astech.si\/"},{"@type":"ListItem","position":2,"name":"O nas"}]},{"@type":"WebSite","@id":"https:\/\/astech.si\/#website","url":"https:\/\/astech.si\/","name":"ASTECH","description":"servis in vzdr\u017eevanje klimatskih naprav","potentialAction":[{"@type":"SearchAction","target":{"@type":"EntryPoint","urlTemplate":"https:\/\/astech.si\/?s={search_term_string}"},"query-input":"required name=search_term_string"}],"inLanguage":"sl-SI"}]}},"_links":{"self":[{"href":"https:\/\/astech.si\/index.php\/wp-json\/wp\/v2\/pages\/544","targetHints":{"allow":["GET"]}}],"collection":[{"href":"https:\/\/astech.si\/index.php\/wp-json\/wp\/v2\/pages"}],"about":[{"href":"https:\/\/astech.si\/index.php\/wp-json\/wp\/v2\/types\/page"}],"author":[{"embeddable":true,"href":"https:\/\/astech.si\/index.php\/wp-json\/wp\/v2\/users\/1"}],"replies":[{"embeddable":true,"href":"https:\/\/astech.si\/index.php\/wp-json\/wp\/v2\/comments?post=544"}],"version-history":[{"count":19,"href":"https:\/\/astech.si\/index.php\/wp-json\/wp\/v2\/pages\/544\/revisions"}],"predecessor-version":[{"id":7385,"href":"https:\/\/astech.si\/index.php\/wp-json\/wp\/v2\/pages\/544\/revisions\/7385"}],"wp:attachment":[{"href":"https:\/\/astech.si\/index.php\/wp-json\/wp\/v2\/media?parent=544"}],"curies":[{"name":"wp","href":"https:\/\/api.w.org\/{rel}","templated":true}]}}